{"id":381,"date":"2023-08-21T17:47:26","date_gmt":"2023-08-21T17:47:26","guid":{"rendered":"https:\/\/salix.pl\/?page_id=381"},"modified":"2023-11-06T17:02:43","modified_gmt":"2023-11-06T17:02:43","slug":"tloczniki","status":"publish","type":"page","link":"https:\/\/salix.pl\/de\/tloczniki\/","title":{"rendered":"Pre\u00dfwerkzeuge \/ Technologie"},"content":{"rendered":"\n<div class=\"wp-block-stackable-divider stk-block-divider stk-block stk-7c1b877 is-style-bar\" data-block-id=\"7c1b877\"><hr class=\"stk-block-divider__hr\"\/><\/div>\n\n\n\n<div class=\"wp-block-stackable-text stk-block-text stk-block stk-3784bf2\" data-block-id=\"3784bf2\"><p class=\"stk-block-text__text has-text-align-justify\">Unsere Firma hat eigene Technologie der Pre\u00dfwerkzeugbau aus Kompositen und Stahl\/Kompositen entwickelt. Wir verf\u00fcgen auch \u00fcber Technologie der Stahlwerkzeugbau.<\/p><\/div>\n\n\n\n<div class=\"wp-block-stackable-divider stk-block-divider stk-block stk-d3075a8 is-style-bar\" data-block-id=\"d3075a8\"><hr class=\"stk-block-divider__hr\"\/><\/div>\n\n\n\n<div class=\"wp-block-stackable-image stk-block-image stk-block stk-86bd14b\" data-block-id=\"86bd14b\"><figure class=\"stk-img-wrapper stk-image--shape-stretch\"><img loading=\"lazy\" decoding=\"async\" class=\"stk-img wp-image-828\" src=\"https:\/\/salix.pl\/wp-content\/uploads\/sites\/3\/2023\/10\/PRODUKCJA.jpg\" width=\"2000\" height=\"1126\" srcset=\"https:\/\/salix.pl\/de\/wp-content\/uploads\/sites\/3\/2023\/10\/PRODUKCJA.jpg 2000w, https:\/\/salix.pl\/de\/wp-content\/uploads\/sites\/3\/2023\/10\/PRODUKCJA-300x169.jpg 300w, https:\/\/salix.pl\/de\/wp-content\/uploads\/sites\/3\/2023\/10\/PRODUKCJA-1024x577.jpg 1024w, https:\/\/salix.pl\/de\/wp-content\/uploads\/sites\/3\/2023\/10\/PRODUKCJA-768x432.jpg 768w, https:\/\/salix.pl\/de\/wp-content\/uploads\/sites\/3\/2023\/10\/PRODUKCJA-1536x865.jpg 1536w\" sizes=\"auto, (max-width: 2000px) 100vw, 2000px\" \/><\/figure><\/div>\n\n\n\n<div class=\"wp-block-stackable-divider stk-block-divider stk-block stk-509a9f2 is-style-bar\" data-block-id=\"509a9f2\"><hr class=\"stk-block-divider__hr\"\/><\/div>\n\n\n\n<div class=\"wp-block-stackable-text stk-block-text stk-block stk-5aeddd6\" data-block-id=\"5aeddd6\"><p class=\"stk-block-text__text has-text-align-justify\">Unsere Kompositen (<strong>Harzen<\/strong>) f\u00fcr Werkzeugbau erreichen einige Male bessere mechanische Werte als die Produkten der spezialisierten Zulieferer. Selbst entwickelt, bleiben Firmengeheimnis.<\/p><\/div>\n\n\n\n<div class=\"wp-block-stackable-divider stk-block-divider stk-block stk-a87d1a7 is-style-bar\" data-block-id=\"a87d1a7\"><hr class=\"stk-block-divider__hr\"\/><\/div>\n\n\n\n<div id=\"wp-block-themeisle-blocks-slider-e791a453\" class=\"wp-block-themeisle-blocks-slider glide\" data-per-view=\"1\" data-gap=\"0\" data-peek=\"0\" data-autoplay=\"true\" data-height=\"700px\" data-hide-arrows=\"false\"><div class=\"glide__track\" data-glide-el=\"track\"><div class=\"glide__slides\"><div class=\"wp-block-themeisle-blocks-slider-item-wrapper glide__slide\" tabindex=\"0\"><figure><img decoding=\"async\" class=\"wp-block-themeisle-blocks-slider-item\" src=\"https:\/\/salix.pl\/de\/wp-content\/uploads\/sites\/3\/2023\/11\/IMG_9932_blur-scaled.jpg\" alt=\"\" title=\"\" data-id=\"857\"\/><\/figure><\/div><div class=\"wp-block-themeisle-blocks-slider-item-wrapper glide__slide\" tabindex=\"0\"><figure><img decoding=\"async\" class=\"wp-block-themeisle-blocks-slider-item\" src=\"https:\/\/salix.pl\/de\/wp-content\/uploads\/sites\/3\/2023\/09\/IMG_8091-scaled.jpg\" alt=\"\" title=\"\" data-id=\"642\"\/><\/figure><\/div><div class=\"wp-block-themeisle-blocks-slider-item-wrapper glide__slide\" tabindex=\"0\"><figure><img decoding=\"async\" class=\"wp-block-themeisle-blocks-slider-item\" src=\"https:\/\/salix.pl\/de\/wp-content\/uploads\/sites\/3\/2023\/10\/IMG_9781-scaled.jpg\" alt=\"\" title=\"\" data-id=\"804\"\/><\/figure><\/div><div class=\"wp-block-themeisle-blocks-slider-item-wrapper glide__slide\" tabindex=\"0\"><figure><img decoding=\"async\" class=\"wp-block-themeisle-blocks-slider-item\" src=\"https:\/\/salix.pl\/de\/wp-content\/uploads\/sites\/3\/2023\/11\/IMG_9931_notext-scaled.jpg\" alt=\"\" title=\"\" data-id=\"856\"\/><\/figure><\/div><div class=\"wp-block-themeisle-blocks-slider-item-wrapper glide__slide\" tabindex=\"0\"><figure><img decoding=\"async\" class=\"wp-block-themeisle-blocks-slider-item\" src=\"https:\/\/salix.pl\/de\/wp-content\/uploads\/sites\/3\/2023\/10\/IMG_9928-scaled.jpg\" alt=\"\" title=\"\" data-id=\"807\"\/><\/figure><\/div><\/div><div class=\"glide__bullets\" data-glide-el=\"controls[nav]\"><button class=\"glide__bullet\" data-glide-dir=\"=0\"><\/button><button class=\"glide__bullet\" data-glide-dir=\"=1\"><\/button><button class=\"glide__bullet\" data-glide-dir=\"=2\"><\/button><button class=\"glide__bullet\" data-glide-dir=\"=3\"><\/button><button class=\"glide__bullet\" data-glide-dir=\"=4\"><\/button><\/div><\/div><\/div>\n\n\n\n<div class=\"wp-block-stackable-divider stk-block-divider stk-block stk-5347ecd is-style-bar\" data-block-id=\"5347ecd\"><hr class=\"stk-block-divider__hr\"\/><\/div>\n\n\n\n<div class=\"wp-block-stackable-text stk-block-text stk-block stk-ad2c95f\" data-block-id=\"ad2c95f\"><p class=\"stk-block-text__text has-text-align-justify\">Ein typischer Werkzeug wird in unserem Haus innerhalb der&nbsp;bis <strong>12 Wochen<\/strong> gebaut, und jede <strong>11 Tage<\/strong> beginnen wir ein neues Projekt.<\/p><\/div>\n\n\n\n<div class=\"wp-block-stackable-text stk-block-text stk-block stk-1132a81\" data-block-id=\"1132a81\"><p class=\"stk-block-text__text has-text-align-justify\">Unsere Technologie erm\u00f6glichst die Abkopierung jedes Karosserieelementes, auch einem vom Wagen demontiert. Das ist besonders wichtig bei den Classics Cars, wo die Musterteilen von Originalqualit\u00e4t manchmal unerreichbar sind.<\/p><\/div>\n\n\n\n<div class=\"wp-block-stackable-text stk-block-text stk-block stk-c61c7da\" data-block-id=\"c61c7da\"><p class=\"stk-block-text__text has-text-align-justify\">Notfalls k\u00f6nnen wir sogar mit Hilfe der Abbildung vom Wagen arbeiten.<\/p><\/div>\n\n\n\n<div class=\"wp-block-stackable-text stk-block-text stk-block stk-54e91aa\" data-block-id=\"54e91aa\"><p class=\"stk-block-text__text has-text-align-justify\">Wir arbeiten auch Aufgrund der <strong>3D digital Modellen<\/strong>.<\/p><\/div>\n\n\n\n<div class=\"wp-block-stackable-text stk-block-text stk-block stk-71f54a7\" data-block-id=\"71f54a7\"><p class=\"stk-block-text__text has-text-align-justify\">Bei entsprechendem Entwurf des Pre\u00dfwerkzeugs k\u00f6nnen wir Stahlelementen und z.B. Aluelementen zugleich herstellen (<strong>Rennsport<\/strong>).<\/p><\/div>\n\n\n\n<div class=\"wp-block-stackable-divider stk-block-divider stk-block stk-882df7d is-style-bar\" data-block-id=\"882df7d\"><hr class=\"stk-block-divider__hr\"\/><\/div>\n\n\n\n<div style=\"height:60px\" aria-hidden=\"true\" class=\"wp-block-spacer\"><\/div>\n","protected":false},"excerpt":{"rendered":"<p>Unsere Firma hat eigene Technologie der Pre\u00dfwerkzeugbau aus Kompositen und Stahl\/Kompositen entwickelt. Wir verf\u00fcgen auch \u00fcber Technologie der Stahlwerkzeugbau. Unsere Kompositen (Harzen) f\u00fcr Werkzeugbau erreichen einige Male bessere mechanische Werte als die Produkten der spezialisierten Zulieferer. Selbst entwickelt, bleiben Firmengeheimnis. Ein typischer Werkzeug wird in unserem Haus innerhalb der&nbsp;bis 12 [&hellip;]<\/p>\n","protected":false},"author":1,"featured_media":0,"parent":0,"menu_order":0,"comment_status":"closed","ping_status":"closed","template":"","meta":{"_uag_custom_page_level_css":"","ub_ctt_via":"","_eb_attr":"","_themeisle_gutenberg_block_has_review":false,"footnotes":""},"class_list":["post-381","page","type-page","status-publish","hentry"],"featured_image_src":null,"uagb_featured_image_src":{"full":false,"thumbnail":false,"medium":false,"medium_large":false,"large":false,"1536x1536":false,"2048x2048":false,"hestia-blog":false},"uagb_author_info":{"display_name":"admin","author_link":"https:\/\/salix.pl\/de\/blog\/author\/salix_1ll55un2\/"},"uagb_comment_info":0,"uagb_excerpt":"Unsere Firma hat eigene Technologie der Pre\u00dfwerkzeugbau aus Kompositen und Stahl\/Kompositen entwickelt. Wir verf\u00fcgen auch \u00fcber Technologie der Stahlwerkzeugbau. Unsere Kompositen (Harzen) f\u00fcr Werkzeugbau erreichen einige Male bessere mechanische Werte als die Produkten der spezialisierten Zulieferer. Selbst entwickelt, bleiben Firmengeheimnis. Ein typischer Werkzeug wird in unserem Haus innerhalb der&nbsp;bis 12 [&hellip;]","_links":{"self":[{"href":"https:\/\/salix.pl\/de\/wp-json\/wp\/v2\/pages\/381","targetHints":{"allow":["GET"]}}],"collection":[{"href":"https:\/\/salix.pl\/de\/wp-json\/wp\/v2\/pages"}],"about":[{"href":"https:\/\/salix.pl\/de\/wp-json\/wp\/v2\/types\/page"}],"author":[{"embeddable":true,"href":"https:\/\/salix.pl\/de\/wp-json\/wp\/v2\/users\/1"}],"replies":[{"embeddable":true,"href":"https:\/\/salix.pl\/de\/wp-json\/wp\/v2\/comments?post=381"}],"version-history":[{"count":15,"href":"https:\/\/salix.pl\/de\/wp-json\/wp\/v2\/pages\/381\/revisions"}],"predecessor-version":[{"id":858,"href":"https:\/\/salix.pl\/de\/wp-json\/wp\/v2\/pages\/381\/revisions\/858"}],"wp:attachment":[{"href":"https:\/\/salix.pl\/de\/wp-json\/wp\/v2\/media?parent=381"}],"curies":[{"name":"wp","href":"https:\/\/api.w.org\/{rel}","templated":true}]}}